{"id":5705,"date":"2020-12-16T15:00:59","date_gmt":"2020-12-16T14:00:59","guid":{"rendered":"http:\/\/mgh-prod.com\/westaf\/?page_id=5705"},"modified":"2020-12-18T11:27:04","modified_gmt":"2020-12-18T10:27:04","slug":"westaf-algerie","status":"publish","type":"page","link":"http:\/\/mgh-prod.com\/westaf\/westaf-algerie\/","title":{"rendered":"Westaf Alg\u00e9rie"},"content":{"rendered":"<p>[vc_row][vc_column][vc_single_image image=&#8221;5862&#8243; img_size=&#8221;full&#8221;][\/vc_column][\/vc_row][vc_row gap=&#8221;30&#8243; row_content_width=&#8221;grid&#8221; css=&#8221;.vc_custom_1607685715160{padding-top: 90px !important;padding-bottom: 90px !important;}&#8221;][vc_column width=&#8221;1\/4&#8243;]<div class=\"qodef-section-title-holder  qodef-st-standard qodef-st-title-left qodef-st-normal-space \" >\n\t<div class=\"qodef-st-inner\">\n\t\t\t\t\t<h2 class=\"qodef-st-title\" >\n\t\t\t\tLA STRAT\u00c9GIE LOW<br \/> COST\t\t\t<\/h2>\n\t\t\t\t\t<\/div>\n<\/div>[\/vc_column][vc_column width=&#8221;1\/2&#8243;][vc_column_text]D\u00e8s 2016, la strat\u00e9gie du business plan de Fly WestAF \u00e9tait d\u00e9j\u00e0 orient\u00e9e sur le march\u00e9 alg\u00e9rien mais les conditions n\u2019\u00e9taient pas alors r\u00e9unies pour que ce projet puisse avancer.[\/vc_column_text][vc_empty_space height=&#8221;30&#8243;][vc_single_image image=&#8221;5569&#8243; img_size=&#8221;full&#8221;][vc_empty_space height=&#8221;30&#8243;][vc_column_text]<\/p>\n<h5>Le positionnement de Fly Westaf se d\u00e9ploiera sur 2 axes<\/h5>\n<p><strong>Devenir la premi\u00e8re compagnie LCC (Low Cost Carrier) en Alg\u00e9rie<\/strong><\/p>\n<p>Afin de soutenir le secteur du tourisme indispensable \u00e0 la croissance du transport a\u00e9rien et de rendre \u00ab la destination ALG\u00c9RIE \u00bb attractive, l\u2019arriv\u00e9e d\u2019une compagnie LCC 100% alg\u00e9rienne contribuera \u00e0 remplir une des conditions les plus importantes pour lancer le secteur de tourisme en Alg\u00e9rie : des vols bon march\u00e9.<\/p>\n<p>&nbsp;<\/p>\n<p><strong>\u00catre op\u00e9rateur charter pour le march\u00e9 national et international<\/strong><\/p>\n<p>La haute saison est g\u00e9n\u00e9ralement synonyme d\u2019affr\u00e8tement a\u00e9rien.<\/p>\n<p>Un op\u00e9rateur charter 100% alg\u00e9rien bas\u00e9 sur le sol africain diminuera les co\u00fbts li\u00e9s aux op\u00e9rations charter (mise en place, caution, \u00e9quipage, etc\u2026) et d\u00e9veloppera ainsi la part de march\u00e9 de la demande ext\u00e9rieure qui enregistre une forte croissance en Afrique de l\u2019Ouest et Centrale.<\/p>\n<p>Concernant la demande int\u00e9rieure, la flexibilit\u00e9 de l\u2019offre aura un effet direct dans la maitrise du budget d\u2019affr\u00e8tement.<\/p>\n<p>Pour m\u00e9moire : 80% de l\u2019affr\u00e8tement en Afrique de l\u2019Ouest et Centrale en 2019 a \u00e9t\u00e9 assur\u00e9 par des compagnies europ\u00e9ennes ou moyen-orientales. Le chiffre d\u2019affaires d\u00e9passait les 350 millions de dollars.[\/vc_column_text][\/vc_column][vc_column width=&#8221;1\/4&#8243; css=&#8221;.vc_custom_1607686779997{padding-top: 20px !important;padding-right: 20px !important;padding-bottom: 20px !important;padding-left: 20px !important;background-color: #f9be00 !important;}&#8221;][vc_single_image image=&#8221;5871&#8243; img_size=&#8221;full&#8221;][vc_empty_space height=&#8221;20&#8243;][vc_column_text]20,54 millions de passagers ont \u00e9t\u00e9 comptabilis\u00e9s sur les vols entre la France et les dessertes africaines, soit une hausse de 5,15% en glissement annuel. Sur ce total, 8,69 millions soit 42% ont \u00e9t\u00e9 transport\u00e9s par des <strong>compagnies fran\u00e7aises<\/strong>. Le reste l\u2019ayant \u00e9t\u00e9 par des compagnies a\u00e9riennes \u00e9trang\u00e8res dont des transporteurs africains, <strong>Air Alg\u00e9rie <\/strong>(2,86 millions de passagers), <strong>Royal Air Maroc <\/strong>(1,72 million de passagers), <strong>Tunisair <\/strong>(1,39 million de passagers), Air Mauritius (577 966) et <strong>Air Arabia Maroc <\/strong>(512 895). Sur la m\u00eame p\u00e9riode, c\u2019est vers le Maroc que les liaisons ont \u00e9t\u00e9 les plus importantes en 2019 avec 6,89 millions de passagers, suivies de celles vers l\u2019Alg\u00e9rie (4,35 millions de passagers), la Tunisie (3,45 millions de passagers) et l\u2019Egypte (639 096 passagers).[\/vc_column_text]<div class=\"qodef-elements-holder   qodef-one-column  qodef-responsive-mode-768 \" ><div class=\"qodef-eh-item  qodef-vertical-alignment-top  \" style=\"background-color: #f9be00\" data-item-class=\"qodef-eh-custom-5054\">\n\t<div class=\"qodef-eh-item-inner\">\n\t\t<div class=\"qodef-eh-item-content qodef-eh-custom-5054\" >\n\t\t\t\t\t<\/div>\n\t<\/div>\n<\/div><\/div>[\/vc_column][\/vc_row][vc_row row_content_width=&#8221;grid&#8221; css=&#8221;.vc_custom_1608128099948{padding-top: 60px !important;padding-bottom: 90px !important;}&#8221; simple_background_color=&#8221;#efefef&#8221;][vc_column][vc_custom_heading text=&#8221;West AF dans la Presse&#8221; font_container=&#8221;tag:h2|text_align:center|color:%23000000&#8243; use_theme_fonts=&#8221;yes&#8221;][vc_empty_space height=&#8221;40&#8243;][vc_row_inner content_placement=&#8221;middle&#8221; gap=&#8221;30&#8243;][vc_column_inner width=&#8221;1\/5&#8243;][\/vc_column_inner][vc_column_inner width=&#8221;1\/5&#8243;][vc_single_image image=&#8221;5786&#8243; img_size=&#8221;full&#8221; alignment=&#8221;center&#8221; onclick=&#8221;custom_link&#8221; img_link_target=&#8221;_blank&#8221; link=&#8221;http:\/\/sudhorizons.dz\/images\/\/HorizonsPDF\/2122-08-2020.pdf#page=9&#8243;][\/vc_column_inner][vc_column_inner width=&#8221;1\/5&#8243;][vc_single_image image=&#8221;5787&#8243; img_size=&#8221;full&#8221; alignment=&#8221;center&#8221; onclick=&#8221;custom_link&#8221; img_link_target=&#8221;_blank&#8221; link=&#8221;https:\/\/www.elwatan.com\/edition\/contributions\/laeronautique-un-levier-de-creation-de-richesse-13-09-2020&#8243;][\/vc_column_inner][vc_column_inner width=&#8221;1\/5&#8243;][vc_single_image image=&#8221;5788&#8243; img_size=&#8221;full&#8221; alignment=&#8221;center&#8221; onclick=&#8221;custom_link&#8221; img_link_target=&#8221;_blank&#8221; link=&#8221;https:\/\/m.facebook.com\/story.php?storyfbid=3314768821933937&amp;id=1346317175445788&amp;sfnsn=scwspmo&amp;extid=L6D1aXNguMPLBlBc&amp;d=n&amp;vh=e&#8221;][\/vc_column_inner][vc_column_inner width=&#8221;1\/5&#8243;][\/vc_column_inner][\/vc_row_inner][\/vc_column][\/vc_row][vc_row gap=&#8221;30&#8243; row_content_width=&#8221;grid&#8221; css=&#8221;.vc_custom_1608128327324{padding-top: 90px !important;padding-bottom: 90px !important;}&#8221;][vc_column]<div class=\"qodef-section-title-holder  qodef-st-standard qodef-st-title-left qodef-st-normal-space \" style=\"text-align: center\">\n\t<div class=\"qodef-st-inner\">\n\t\t\t\t\t<h1 class=\"qodef-st-title\" >\n\t\t\t\tLIAISONS PR\u00c9VUES\t\t\t<\/h1>\n\t\t\t\t\t<\/div>\n<\/div>[vc_empty_space height=&#8221;30&#8243;][vc_row_inner][vc_column_inner width=&#8221;1\/2&#8243;][vc_single_image image=&#8221;5723&#8243; img_size=&#8221;full&#8221;][vc_empty_space height=&#8221;30&#8243;][\/vc_column_inner][vc_column_inner width=&#8221;1\/2&#8243;][vc_single_image image=&#8221;5724&#8243; img_size=&#8221;full&#8221;][vc_empty_space height=&#8221;30&#8243;][\/vc_column_inner][\/vc_row_inner][vc_row_inner][vc_column_inner width=&#8221;1\/4&#8243;][\/vc_column_inner][vc_column_inner width=&#8221;1\/2&#8243;][vc_single_image image=&#8221;5727&#8243; img_size=&#8221;full&#8221;][\/vc_column_inner][vc_column_inner width=&#8221;1\/4&#8243;][\/vc_column_inner][\/vc_row_inner][\/vc_column][\/vc_row][vc_row gap=&#8221;30&#8243; row_content_width=&#8221;grid&#8221; css=&#8221;.vc_custom_1607689076691{padding-top: 90px !important;padding-bottom: 90px !important;}&#8221; simple_background_color=&#8221;rgba(249,190,0,0.2)&#8221;][vc_column width=&#8221;1\/4&#8243;]<div class=\"qodef-section-title-holder  qodef-st-standard qodef-st-title-left qodef-st-normal-space \" >\n\t<div class=\"qodef-st-inner\">\n\t\t\t\t\t<h1 class=\"qodef-st-title\" >\n\t\t\t\tANALYSE DU MARCH\u00c9<br \/>\t\t\t<\/h1>\n\t\t\t\t\t<\/div>\n<\/div>[\/vc_column][vc_column width=&#8221;1\/2&#8243;][vc_single_image image=&#8221;5629&#8243; img_size=&#8221;full&#8221;][vc_empty_space height=&#8221;30&#8243;][vc_column_text]L\u2019Alg\u00e9rie est un pays important dans la r\u00e9gion jouissant d\u2019atouts majeurs qui favorise sa comp\u00e9titivit\u00e9 dans le secteur a\u00e9ronautique.<\/p>\n<p>Cela fait de ce pays un acteur incontournable dans les prochaines d\u00e9cennies de par l&#8217;augmentation pr\u00e9visionnelle significative du trafic passager Nord-Sud passant de 4.5 millions \u00e0 plus de 8 millions.<\/p>\n<p>Des \u00e9tudes des constructeurs les plus importants au monde (Boeing, Bombardier, Airbus et Embraer) concluent au potentiel de cr\u00e9ation en Alg\u00e9rie de compagnies r\u00e9gionales de cat\u00e9gorie 1 et de compagnies int\u00e9rieures de cat\u00e9gorie 2 pour r\u00e9pondre au futur trafic vers la r\u00e9gion sud du pays.<\/p>\n<p><strong>Chaque passager en provenance d\u2019Alg\u00e9rie voyageant \u00e0 destination de l\u2019Europe \u00e0 bord de compagnies \u00e9trang\u00e8res repr\u00e9sente des emplois non cr\u00e9\u00e9s en Alg\u00e9rie et des revenus non g\u00e9n\u00e9r\u00e9s. Fly WestAF se propose d\u2019inverser ce rapport.<\/strong>[\/vc_column_text][\/vc_column][vc_column width=&#8221;1\/4&#8243; css=&#8221;.vc_custom_1607686779997{padding-top: 20px !important;padding-right: 20px !important;padding-bottom: 20px !important;padding-left: 20px !important;background-color: #f9be00 !important;}&#8221;][vc_column_text]<strong>Le fret repr\u00e9sente un besoin a\u00e9ronautique important pour relier les ports alg\u00e9riens au Nord et les pays africains enclav\u00e9s au sud du Sahara.<\/strong><\/p>\n<p>L\u2019Alg\u00e9rie offre tous les atouts et toutes les conditions pour le lancement d&#8217;une nouvelle compagnie a\u00e9rienne \u00e0 bas co\u00fbt (Hub Oran\/DAOO) pour accompagner l\u2019augmentation de l\u2019offre de transport a\u00e9rien alg\u00e9rien et r\u00e9tablir l&#8217;\u00e9quilibre par rapport \u00e0 l\u2019offre europ\u00e9enne.[\/vc_column_text]<div class=\"qodef-elements-holder   qodef-one-column  qodef-responsive-mode-768 \" ><div class=\"qodef-eh-item  qodef-vertical-alignment-top  \" style=\"background-color: #f9be00\" data-item-class=\"qodef-eh-custom-6936\">\n\t<div class=\"qodef-eh-item-inner\">\n\t\t<div class=\"qodef-eh-item-content qodef-eh-custom-6936\" >\n\t\t\t\t\t<\/div>\n\t<\/div>\n<\/div><\/div>[\/vc_column][\/vc_row][vc_row gap=&#8221;30&#8243; row_content_width=&#8221;grid&#8221; css=&#8221;.vc_custom_1608137267697{padding-top: 90px !important;padding-bottom: 90px !important;}&#8221; parallax_background_image=&#8221;5805&#8243;][vc_column width=&#8221;1\/4&#8243;][\/vc_column][vc_column width=&#8221;1\/2&#8243;]<div class=\"qodef-section-title-holder  qodef-st-standard qodef-st-title-left qodef-st-normal-space \" >\n\t<div class=\"qodef-st-inner\">\n\t\t\t\t\t<h1 class=\"qodef-st-title\" style=\"color: #000000\">\n\t\t\t\tINVESTISSEURS\t\t\t<\/h1>\n\t\t\t\t\t<\/div>\n<\/div>[vc_empty_space height=&#8221;50&#8243;][vc_column_text]Le transport a\u00e9rien commercial est une activit\u00e9 qui n\u00e9cessite une expertise technique, financi\u00e8re et de gestion des risques. Gr\u00e2ce \u00e0 notre exp\u00e9rience et nos connaissances, nous disposons du meilleur mod\u00e8le \u00e9conomique pour faire face au changement dans le transport a\u00e9rien commercial.<\/p>\n<p>En plus d&#8217;apporter de la valeur \u00e0 nos clients, WestAF est \u00e9galement fi\u00e8re de la valeur croissante que nous apportons \u00e0 nos actionnaires. Les d\u00e9tails financiers, strat\u00e9giques et de d\u00e9veloppement sont disponibles, y compris des projections sur 10 ans.<\/p>\n<p><strong>Nous invitons les investisseurs \u00e0 se joindre \u00e0 nous dans cette aventure unique pour construire le nouveau mod\u00e8le \u00e9conomique du transport a\u00e9rien low cost en Afrique de l&#8217;Ouest.<\/strong>[\/vc_column_text][\/vc_column][vc_column width=&#8221;1\/4&#8243;][\/vc_column][\/vc_row]<\/p>\n","protected":false},"excerpt":{"rendered":"<p>[vc_row][vc_column][vc_single_image image=&#8221;5862&#8243; img_size=&#8221;full&#8221;][\/vc_column][\/vc_row][vc_row gap=&#8221;30&#8243; row_content_width=&#8221;grid&#8221; css=&#8221;.vc_custom_1607685715160{padding-top: 90px !important;padding-bottom: 90px !important;}&#8221;][vc_column width=&#8221;1\/4&#8243;][\/vc_column][vc_column width=&#8221;1\/2&#8243;][vc_column_text]D\u00e8s 2016, la strat\u00e9gie du business plan de Fly [&hellip;]<\/p>\n","protected":false},"author":1,"featured_media":0,"parent":0,"menu_order":0,"comment_status":"closed","ping_status":"closed","template":"full-width.php","meta":[],"_links":{"self":[{"href":"http:\/\/mgh-prod.com\/westaf\/wp-json\/wp\/v2\/pages\/5705"}],"collection":[{"href":"http:\/\/mgh-prod.com\/westaf\/wp-json\/wp\/v2\/pages"}],"about":[{"href":"http:\/\/mgh-prod.com\/westaf\/wp-json\/wp\/v2\/types\/page"}],"author":[{"embeddable":true,"href":"http:\/\/mgh-prod.com\/westaf\/wp-json\/wp\/v2\/users\/1"}],"replies":[{"embeddable":true,"href":"http:\/\/mgh-prod.com\/westaf\/wp-json\/wp\/v2\/comments?post=5705"}],"version-history":[{"count":30,"href":"http:\/\/mgh-prod.com\/westaf\/wp-json\/wp\/v2\/pages\/5705\/revisions"}],"predecessor-version":[{"id":5872,"href":"http:\/\/mgh-prod.com\/westaf\/wp-json\/wp\/v2\/pages\/5705\/revisions\/5872"}],"wp:attachment":[{"href":"http:\/\/mgh-prod.com\/westaf\/wp-json\/wp\/v2\/media?parent=5705"}],"curies":[{"name":"wp","href":"https:\/\/api.w.org\/{rel}","templated":true}]}}